{"id":1295,"date":"2023-08-09T09:32:57","date_gmt":"2023-08-09T09:32:57","guid":{"rendered":"https:\/\/mentali.pl\/aktualnosci?page_id=1295"},"modified":"2023-08-14T09:23:35","modified_gmt":"2023-08-14T09:23:35","slug":"efekt-konfirmacji","status":"publish","type":"page","link":"https:\/\/mentali.pl\/aktualnosci\/slownik\/efekt-konfirmacji","title":{"rendered":"Efekt konfirmacji"},"content":{"rendered":"\n<p>W 1960 roku angielski psycholog Peter Wason przebada\u0142 zjawisko znane jako Efekt Konfirmacji, zwany r\u00f3wnie\u017c b\u0142\u0119dem konfirmacji lub efektem potwierdzenia. W swoich badaniach opisa\u0142 tendencj\u0119 ludzi do faworyzowania informacji, kt\u00f3re wspieraj\u0105 nasze wcze\u015bniejsze oczekiwania i przekonania, niezale\u017cnie od ich prawdziwo\u015bci. To zjawisko polega na utrwalaniu naszych przekona\u0144 oraz pomijaniu informacji, kt\u00f3re temu przecz\u0105. B\u0142\u0105d konfirmacji wp\u0142ywa na to, \u017ce zamiast d\u0105\u017cy\u0107 do odnalezienia obiektywnej prawdy, poszukujemy argument\u00f3w, kt\u00f3re potwierdzaj\u0105 nasze za\u0142o\u017cenia.<\/p>\n\n\n\n<p>Psychological Review, 100(2): 298-319.<\/p>\n","protected":false},"excerpt":{"rendered":"<p>W 1960 roku angielski psycholog Peter Wason przebada\u0142 zjawisko znane jako Efekt Konfirmacji, zwany r\u00f3wnie\u017c b\u0142\u0119dem konfirmacji lub efektem potwierdzenia. W swoich badaniach opisa\u0142 tendencj\u0119 ludzi do faworyzowania informacji, kt\u00f3re wspieraj\u0105 nasze wcze\u015bniejsze oczekiwania i przekonania, niezale\u017cnie od ich prawdziwo\u015bci. To zjawisko polega na utrwalaniu naszych przekona\u0144 oraz pomijaniu informacji, kt\u00f3re temu przecz\u0105. B\u0142\u0105d konfirmacji [&hellip;]<\/p>\n","protected":false},"author":1,"featured_media":0,"parent":1164,"menu_order":0,"comment_status":"closed","ping_status":"closed","template":"","meta":{"footnotes":""},"categories":[33],"tags":[51],"ppma_author":[10],"class_list":["post-1295","page","type-page","status-publish","hentry","category-slownik-psychologiczny","tag-e"],"yoast_head":"<!-- This site is optimized with the Yoast SEO plugin v20.4 - https:\/\/yoast.com\/wordpress\/plugins\/seo\/ -->\n<title>Efekt konfirmacji - co to? definicja | S\u0142ownik psychologiczny<\/title>\n<meta name=\"description\" content=\"Chcesz dowiedzie\u0107\u00a0si\u0119\u00a0wi\u0119cej o terminie &quot;Efekt konfirmacji&quot;? Sprawd\u017a\u00a0definicj\u0119, kt\u00f3r\u0105\u00a0przygotowali\u015bmy i dowiedz si\u0119 wi\u0119cej!\" \/>\n<meta name=\"robots\" content=\"index, follow, max-snippet:-1, max-image-preview:large, max-video-preview:-1\" \/>\n<link rel=\"canonical\" href=\"https:\/\/mentali.pl\/aktualnosci\/slownik\/efekt-konfirmacji\" \/>\n<meta property=\"og:locale\" content=\"pl_PL\" \/>\n<meta property=\"og:type\" content=\"article\" \/>\n<meta property=\"og:title\" content=\"Efekt konfirmacji - co to? definicja | S\u0142ownik psychologiczny\" \/>\n<meta property=\"og:description\" content=\"Chcesz dowiedzie\u0107\u00a0si\u0119\u00a0wi\u0119cej o terminie &quot;Efekt konfirmacji&quot;? Sprawd\u017a\u00a0definicj\u0119, kt\u00f3r\u0105\u00a0przygotowali\u015bmy i dowiedz si\u0119 wi\u0119cej!\" \/>\n<meta property=\"og:url\" content=\"https:\/\/mentali.pl\/aktualnosci\/slownik\/efekt-konfirmacji\" \/>\n<meta property=\"og:site_name\" content=\"Mentali - Blog psychologiczny\" \/>\n<meta property=\"article:publisher\" content=\"https:\/\/www.facebook.com\/mentalicentrum\" \/>\n<meta property=\"article:modified_time\" content=\"2023-08-14T09:23:35+00:00\" \/>\n<meta property=\"og:image\" content=\"https:\/\/mentali.pl\/aktualnosci\/wp-content\/uploads\/2024\/08\/aktualnosci-mentali-alt.webp\" \/>\n\t<meta property=\"og:image:width\" content=\"1200\" \/>\n\t<meta property=\"og:image:height\" content=\"675\" \/>\n\t<meta property=\"og:image:type\" content=\"image\/webp\" \/>\n<meta name=\"twitter:card\" content=\"summary_large_image\" \/>\n<meta name=\"twitter:label1\" content=\"Szacowany czas czytania\" \/>\n\t<meta name=\"twitter:data1\" content=\"1 minuta\" \/>\n<script type=\"application\/ld+json\" class=\"yoast-schema-graph\">{\"@context\":\"https:\/\/schema.org\",\"@graph\":[{\"@type\":\"WebPage\",\"@id\":\"https:\/\/mentali.pl\/aktualnosci\/slownik\/efekt-konfirmacji\",\"url\":\"https:\/\/mentali.pl\/aktualnosci\/slownik\/efekt-konfirmacji\",\"name\":\"Efekt konfirmacji - co to? definicja | S\u0142ownik psychologiczny\",\"isPartOf\":{\"@id\":\"https:\/\/mentali.pl\/aktualnosci\/#website\"},\"datePublished\":\"2023-08-09T09:32:57+00:00\",\"dateModified\":\"2023-08-14T09:23:35+00:00\",\"description\":\"Chcesz dowiedzie\u0107\u00a0si\u0119\u00a0wi\u0119cej o terminie \\\"Efekt konfirmacji\\\"? Sprawd\u017a\u00a0definicj\u0119, kt\u00f3r\u0105\u00a0przygotowali\u015bmy i dowiedz si\u0119 wi\u0119cej!\",\"breadcrumb\":{\"@id\":\"https:\/\/mentali.pl\/aktualnosci\/slownik\/efekt-konfirmacji#breadcrumb\"},\"inLanguage\":\"pl-PL\",\"potentialAction\":[{\"@type\":\"ReadAction\",\"target\":[\"https:\/\/mentali.pl\/aktualnosci\/slownik\/efekt-konfirmacji\"]}]},{\"@type\":\"BreadcrumbList\",\"@id\":\"https:\/\/mentali.pl\/aktualnosci\/slownik\/efekt-konfirmacji#breadcrumb\",\"itemListElement\":[{\"@type\":\"ListItem\",\"position\":1,\"name\":\"Aktualno\u015bci\",\"item\":\"https:\/\/mentali.pl\/aktualnosci\/\"},{\"@type\":\"ListItem\",\"position\":2,\"name\":\"S\u0142ownik psychologiczny\",\"item\":\"https:\/\/mentali.pl\/aktualnosci\/slownik\"},{\"@type\":\"ListItem\",\"position\":3,\"name\":\"Efekt konfirmacji\"}]},{\"@type\":\"WebSite\",\"@id\":\"https:\/\/mentali.pl\/aktualnosci\/#website\",\"url\":\"https:\/\/mentali.pl\/aktualnosci\/\",\"name\":\"Mentali - Blog psychologiczny\",\"description\":\"Kilka s\u0142\u00f3w od specjalist\u00f3w\",\"publisher\":{\"@id\":\"https:\/\/mentali.pl\/aktualnosci\/#organization\"},\"alternateName\":\"Centrum rozwoju i wsparcia psychologicznego\",\"potentialAction\":[{\"@type\":\"SearchAction\",\"target\":{\"@type\":\"EntryPoint\",\"urlTemplate\":\"https:\/\/mentali.pl\/aktualnosci\/?s={search_term_string}\"},\"query-input\":\"required name=search_term_string\"}],\"inLanguage\":\"pl-PL\"},{\"@type\":\"Organization\",\"@id\":\"https:\/\/mentali.pl\/aktualnosci\/#organization\",\"name\":\"Mentali\",\"alternateName\":\"Centrum rozwoju i wsparcia psychologicznego\",\"url\":\"https:\/\/mentali.pl\/aktualnosci\/\",\"logo\":{\"@type\":\"ImageObject\",\"inLanguage\":\"pl-PL\",\"@id\":\"https:\/\/mentali.pl\/aktualnosci\/#\/schema\/logo\/image\/\",\"url\":\"https:\/\/mentali.pl\/aktualnosci\/wp-content\/uploads\/2023\/01\/mentali-logo.webp\",\"contentUrl\":\"https:\/\/mentali.pl\/aktualnosci\/wp-content\/uploads\/2023\/01\/mentali-logo.webp\",\"width\":140,\"height\":140,\"caption\":\"Mentali\"},\"image\":{\"@id\":\"https:\/\/mentali.pl\/aktualnosci\/#\/schema\/logo\/image\/\"},\"sameAs\":[\"https:\/\/www.facebook.com\/mentalicentrum\",\"https:\/\/www.instagram.com\/mentalicentrum\"]}]}<\/script>\n<!-- \/ Yoast SEO plugin. -->","yoast_head_json":{"title":"Efekt konfirmacji - co to? definicja | S\u0142ownik psychologiczny","description":"Chcesz dowiedzie\u0107\u00a0si\u0119\u00a0wi\u0119cej o terminie \"Efekt konfirmacji\"? Sprawd\u017a\u00a0definicj\u0119, kt\u00f3r\u0105\u00a0przygotowali\u015bmy i dowiedz si\u0119 wi\u0119cej!","robots":{"index":"index","follow":"follow","max-snippet":"max-snippet:-1","max-image-preview":"max-image-preview:large","max-video-preview":"max-video-preview:-1"},"canonical":"https:\/\/mentali.pl\/aktualnosci\/slownik\/efekt-konfirmacji","og_locale":"pl_PL","og_type":"article","og_title":"Efekt konfirmacji - co to? definicja | S\u0142ownik psychologiczny","og_description":"Chcesz dowiedzie\u0107\u00a0si\u0119\u00a0wi\u0119cej o terminie \"Efekt konfirmacji\"? Sprawd\u017a\u00a0definicj\u0119, kt\u00f3r\u0105\u00a0przygotowali\u015bmy i dowiedz si\u0119 wi\u0119cej!","og_url":"https:\/\/mentali.pl\/aktualnosci\/slownik\/efekt-konfirmacji","og_site_name":"Mentali - Blog psychologiczny","article_publisher":"https:\/\/www.facebook.com\/mentalicentrum","article_modified_time":"2023-08-14T09:23:35+00:00","og_image":[{"width":1200,"height":675,"url":"https:\/\/mentali.pl\/aktualnosci\/wp-content\/uploads\/2024\/08\/aktualnosci-mentali-alt.webp","type":"image\/webp"}],"twitter_card":"summary_large_image","twitter_misc":{"Szacowany czas czytania":"1 minuta"},"schema":{"@context":"https:\/\/schema.org","@graph":[{"@type":"WebPage","@id":"https:\/\/mentali.pl\/aktualnosci\/slownik\/efekt-konfirmacji","url":"https:\/\/mentali.pl\/aktualnosci\/slownik\/efekt-konfirmacji","name":"Efekt konfirmacji - co to? definicja | S\u0142ownik psychologiczny","isPartOf":{"@id":"https:\/\/mentali.pl\/aktualnosci\/#website"},"datePublished":"2023-08-09T09:32:57+00:00","dateModified":"2023-08-14T09:23:35+00:00","description":"Chcesz dowiedzie\u0107\u00a0si\u0119\u00a0wi\u0119cej o terminie \"Efekt konfirmacji\"? Sprawd\u017a\u00a0definicj\u0119, kt\u00f3r\u0105\u00a0przygotowali\u015bmy i dowiedz si\u0119 wi\u0119cej!","breadcrumb":{"@id":"https:\/\/mentali.pl\/aktualnosci\/slownik\/efekt-konfirmacji#breadcrumb"},"inLanguage":"pl-PL","potentialAction":[{"@type":"ReadAction","target":["https:\/\/mentali.pl\/aktualnosci\/slownik\/efekt-konfirmacji"]}]},{"@type":"BreadcrumbList","@id":"https:\/\/mentali.pl\/aktualnosci\/slownik\/efekt-konfirmacji#breadcrumb","itemListElement":[{"@type":"ListItem","position":1,"name":"Aktualno\u015bci","item":"https:\/\/mentali.pl\/aktualnosci\/"},{"@type":"ListItem","position":2,"name":"S\u0142ownik psychologiczny","item":"https:\/\/mentali.pl\/aktualnosci\/slownik"},{"@type":"ListItem","position":3,"name":"Efekt konfirmacji"}]},{"@type":"WebSite","@id":"https:\/\/mentali.pl\/aktualnosci\/#website","url":"https:\/\/mentali.pl\/aktualnosci\/","name":"Mentali - Blog psychologiczny","description":"Kilka s\u0142\u00f3w od specjalist\u00f3w","publisher":{"@id":"https:\/\/mentali.pl\/aktualnosci\/#organization"},"alternateName":"Centrum rozwoju i wsparcia psychologicznego","potentialAction":[{"@type":"SearchAction","target":{"@type":"EntryPoint","urlTemplate":"https:\/\/mentali.pl\/aktualnosci\/?s={search_term_string}"},"query-input":"required name=search_term_string"}],"inLanguage":"pl-PL"},{"@type":"Organization","@id":"https:\/\/mentali.pl\/aktualnosci\/#organization","name":"Mentali","alternateName":"Centrum rozwoju i wsparcia psychologicznego","url":"https:\/\/mentali.pl\/aktualnosci\/","logo":{"@type":"ImageObject","inLanguage":"pl-PL","@id":"https:\/\/mentali.pl\/aktualnosci\/#\/schema\/logo\/image\/","url":"https:\/\/mentali.pl\/aktualnosci\/wp-content\/uploads\/2023\/01\/mentali-logo.webp","contentUrl":"https:\/\/mentali.pl\/aktualnosci\/wp-content\/uploads\/2023\/01\/mentali-logo.webp","width":140,"height":140,"caption":"Mentali"},"image":{"@id":"https:\/\/mentali.pl\/aktualnosci\/#\/schema\/logo\/image\/"},"sameAs":["https:\/\/www.facebook.com\/mentalicentrum","https:\/\/www.instagram.com\/mentalicentrum"]}]}},"_links":{"self":[{"href":"https:\/\/mentali.pl\/aktualnosci\/wp-json\/wp\/v2\/pages\/1295","targetHints":{"allow":["GET"]}}],"collection":[{"href":"https:\/\/mentali.pl\/aktualnosci\/wp-json\/wp\/v2\/pages"}],"about":[{"href":"https:\/\/mentali.pl\/aktualnosci\/wp-json\/wp\/v2\/types\/page"}],"author":[{"embeddable":true,"href":"https:\/\/mentali.pl\/aktualnosci\/wp-json\/wp\/v2\/users\/1"}],"replies":[{"embeddable":true,"href":"https:\/\/mentali.pl\/aktualnosci\/wp-json\/wp\/v2\/comments?post=1295"}],"version-history":[{"count":2,"href":"https:\/\/mentali.pl\/aktualnosci\/wp-json\/wp\/v2\/pages\/1295\/revisions"}],"predecessor-version":[{"id":1297,"href":"https:\/\/mentali.pl\/aktualnosci\/wp-json\/wp\/v2\/pages\/1295\/revisions\/1297"}],"up":[{"embeddable":true,"href":"https:\/\/mentali.pl\/aktualnosci\/wp-json\/wp\/v2\/pages\/1164"}],"wp:attachment":[{"href":"https:\/\/mentali.pl\/aktualnosci\/wp-json\/wp\/v2\/media?parent=1295"}],"wp:term":[{"taxonomy":"category","embeddable":true,"href":"https:\/\/mentali.pl\/aktualnosci\/wp-json\/wp\/v2\/categories?post=1295"},{"taxonomy":"post_tag","embeddable":true,"href":"https:\/\/mentali.pl\/aktualnosci\/wp-json\/wp\/v2\/tags?post=1295"},{"taxonomy":"author","embeddable":true,"href":"https:\/\/mentali.pl\/aktualnosci\/wp-json\/wp\/v2\/ppma_author?post=1295"}],"curies":[{"name":"wp","href":"https:\/\/api.w.org\/{rel}","templated":true}]}}