{"id":2137,"date":"2023-08-25T07:16:14","date_gmt":"2023-08-25T07:16:14","guid":{"rendered":"https:\/\/mentali.pl\/aktualnosci?page_id=2137"},"modified":"2023-12-20T10:53:49","modified_gmt":"2023-12-20T10:53:49","slug":"autyzm","status":"publish","type":"page","link":"https:\/\/mentali.pl\/aktualnosci\/slownik\/autyzm","title":{"rendered":"Autyzm"},"content":{"rendered":"\n<p>Autyzm charakteryzuje ca\u0142o\u015bciowe zaburzenie, polegaj\u0105ce na nieprawid\u0142owym reagowaniu na interakcje spo\u0142eczne, komunikacj\u0119 oraz ograniczonym, powtarzaj\u0105cym si\u0119 zakresem zainteresowa\u0144 i zachowa\u0144. Objawy s\u0105 zwi\u0105zane z r\u00f3\u017cnymi czynnikami neuropsychologicznymi. <\/p>\n\n\n\n<p>Autyzm wi\u0105\u017ce si\u0119 ze specyficznym sposobem przetwarzania informacji w m\u00f3zgu. Osoby autystyczne bardzo dobrze potrafi\u0105 operowa\u0107 ogromn\u0105 ilo\u015bci\u0105 informacji i wiedzy o ich danym zainteresowaniu, jednak maj\u0105 trudno\u015bci w rozumieniu sytuacji wieloznaczeniowych, jakie wyst\u0119puj\u0105 np. w sytuacjach spo\u0142ecznych. Mo\u017cna r\u00f3wnie\u017c u nich zauwa\u017cy\u0107 deficyt w obszarze komunikacji niewerbalnej (np. nieutrzymywanie kontaktu wzrokowego, brak zmian w mimice, niedostosowane gesty oraz j\u0119zyk cia\u0142a).<\/p>\n\n\n\n<p>Z powodu ma\u0142ego zakresu zainteresowania, borykaj\u0105 si\u0119 oni z trudno\u015bciami w swobodnym kontakcie z innymi, jak i r\u00f3wnie\u017c rozpoczynanie i utrzymanie takich relacji. Maj\u0105 problemu ze zmianami w ich \u015brodowisku, szukaj\u0105 stymulacji niekt\u00f3rych ruch\u00f3w, (st\u0105d stereotypie ruchowe), niekt\u00f3re natomiast wyra\u017anie unikaj\u0105. Auty\u015bci mog\u0105 by\u0107 r\u00f3wnie\u017c niepe\u0142nosprawni intelektualnie w r\u00f3\u017cnym stopniu. Cz\u0119sto posiadaj\u0105 unikalne zdolno\u015bci w specyficznym obszarze, dlatego coraz cz\u0119\u015bciej s\u0105 uwzgl\u0119dniani przez spo\u0142ecze\u0144stwo dzi\u0119ki koncepcji neuror\u00f3\u017cnorodno\u015bci.<\/p>\n\n\n\n<div id=\"toc_container\" class=\"toc_transparent no_bullets\"><p class=\"toc_title\">Spis tre\u015bci<\/p><ul class=\"toc_list\"><li><a href=\"#autyzm-dzieciecy-8211-czym-jest\">Autyzm dzieci\u0119cy &#8211; czym jest?<\/a><\/li><li><a href=\"#autyzm-atypowy-8211-co-to\">Autyzm atypowy &#8211; co to?<\/a><\/li><\/ul><\/div>\n<h2 class=\"wp-block-heading\"><span id=\"autyzm-dzieciecy-8211-czym-jest\">Autyzm dzieci\u0119cy &#8211; czym jest?<\/span><\/h2>\n\n\n\n<p>Autyzm dzieci\u0119cy to z\u0142o\u017cone zaburzenie rozwoju i funkcjonowania o\u015brodkowego uk\u0142adu nerwowego. Charakteryzuje si\u0119&nbsp;brakiem zdolno\u015bci komunikowania uczu\u0107 oraz budowania relacji w spo\u0142ecze\u0144stwie. Zazwyczaj zaczyna si\u0119&nbsp;u dzieci przed 3 rokiem \u017cycia.<\/p>\n\n\n\n<h2 class=\"wp-block-heading\"><span id=\"autyzm-atypowy-8211-co-to\">Autyzm atypowy &#8211; co to?<\/span><\/h2>\n\n\n\n<p>Autyzm atypowy jest jedn\u0105 z odmian autyzmu, kt\u00f3r\u0105&nbsp;diagnozuje si\u0119 p\u00f3\u017aniej ni\u017c w statystycznym stadium rozpoznania u dzieci. Mo\u017ce wywo\u0142ywa\u0107&nbsp;zaburzenia mowy czy problemy w interakcjach mi\u0119dzyludzkich oraz sztywno\u015b\u0107&nbsp;zachowa\u0144.<\/p>\n","protected":false},"excerpt":{"rendered":"<p>Autyzm charakteryzuje ca\u0142o\u015bciowe zaburzenie, polegaj\u0105ce na nieprawid\u0142owym reagowaniu na interakcje spo\u0142eczne, komunikacj\u0119 oraz ograniczonym, powtarzaj\u0105cym si\u0119 zakresem zainteresowa\u0144 i zachowa\u0144. Objawy s\u0105 zwi\u0105zane z r\u00f3\u017cnymi czynnikami neuropsychologicznymi. Autyzm wi\u0105\u017ce si\u0119 ze specyficznym sposobem przetwarzania informacji w m\u00f3zgu. Osoby autystyczne bardzo dobrze potrafi\u0105 operowa\u0107 ogromn\u0105 ilo\u015bci\u0105 informacji i wiedzy o ich danym zainteresowaniu, jednak maj\u0105 trudno\u015bci [&hellip;]<\/p>\n","protected":false},"author":1,"featured_media":0,"parent":1164,"menu_order":0,"comment_status":"closed","ping_status":"closed","template":"","meta":{"footnotes":""},"categories":[33],"tags":[36],"ppma_author":[10],"class_list":["post-2137","page","type-page","status-publish","hentry","category-slownik-psychologiczny","tag-a"],"yoast_head":"<!-- This site is optimized with the Yoast SEO plugin v20.4 - https:\/\/yoast.com\/wordpress\/plugins\/seo\/ -->\n<title>Autyzm - co to jest? Definicja dzieci\u0119cego i atypowego autyzmu<\/title>\n<meta name=\"description\" content=\"Chcesz dowiedzie\u0107\u00a0si\u0119\u00a0wi\u0119cej o terminie &quot;Autyzm&quot;? Sprawd\u017a\u00a0definicj\u0119, kt\u00f3r\u0105\u00a0przygotowali\u015bmy i dowiedz si\u0119 wi\u0119cej!\" \/>\n<meta name=\"robots\" content=\"index, follow, max-snippet:-1, max-image-preview:large, max-video-preview:-1\" \/>\n<link rel=\"canonical\" href=\"https:\/\/mentali.pl\/aktualnosci\/slownik\/autyzm\" \/>\n<meta property=\"og:locale\" content=\"pl_PL\" \/>\n<meta property=\"og:type\" content=\"article\" \/>\n<meta property=\"og:title\" content=\"Autyzm - co to jest? Definicja dzieci\u0119cego i atypowego autyzmu\" \/>\n<meta property=\"og:description\" content=\"Chcesz dowiedzie\u0107\u00a0si\u0119\u00a0wi\u0119cej o terminie &quot;Autyzm&quot;? Sprawd\u017a\u00a0definicj\u0119, kt\u00f3r\u0105\u00a0przygotowali\u015bmy i dowiedz si\u0119 wi\u0119cej!\" \/>\n<meta property=\"og:url\" content=\"https:\/\/mentali.pl\/aktualnosci\/slownik\/autyzm\" \/>\n<meta property=\"og:site_name\" content=\"Mentali - Blog psychologiczny\" \/>\n<meta property=\"article:publisher\" content=\"https:\/\/www.facebook.com\/mentalicentrum\" \/>\n<meta property=\"article:modified_time\" content=\"2023-12-20T10:53:49+00:00\" \/>\n<meta property=\"og:image\" content=\"https:\/\/mentali.pl\/aktualnosci\/wp-content\/uploads\/2024\/08\/aktualnosci-mentali-alt.webp\" \/>\n\t<meta property=\"og:image:width\" content=\"1200\" \/>\n\t<meta property=\"og:image:height\" content=\"675\" \/>\n\t<meta property=\"og:image:type\" content=\"image\/webp\" \/>\n<meta name=\"twitter:card\" content=\"summary_large_image\" \/>\n<meta name=\"twitter:label1\" content=\"Szacowany czas czytania\" \/>\n\t<meta name=\"twitter:data1\" content=\"2 minuty\" \/>\n<script type=\"application\/ld+json\" class=\"yoast-schema-graph\">{\"@context\":\"https:\/\/schema.org\",\"@graph\":[{\"@type\":\"WebPage\",\"@id\":\"https:\/\/mentali.pl\/aktualnosci\/slownik\/autyzm\",\"url\":\"https:\/\/mentali.pl\/aktualnosci\/slownik\/autyzm\",\"name\":\"Autyzm - co to jest? Definicja dzieci\u0119cego i atypowego autyzmu\",\"isPartOf\":{\"@id\":\"https:\/\/mentali.pl\/aktualnosci\/#website\"},\"datePublished\":\"2023-08-25T07:16:14+00:00\",\"dateModified\":\"2023-12-20T10:53:49+00:00\",\"description\":\"Chcesz dowiedzie\u0107\u00a0si\u0119\u00a0wi\u0119cej o terminie \\\"Autyzm\\\"? Sprawd\u017a\u00a0definicj\u0119, kt\u00f3r\u0105\u00a0przygotowali\u015bmy i dowiedz si\u0119 wi\u0119cej!\",\"breadcrumb\":{\"@id\":\"https:\/\/mentali.pl\/aktualnosci\/slownik\/autyzm#breadcrumb\"},\"inLanguage\":\"pl-PL\",\"potentialAction\":[{\"@type\":\"ReadAction\",\"target\":[\"https:\/\/mentali.pl\/aktualnosci\/slownik\/autyzm\"]}]},{\"@type\":\"BreadcrumbList\",\"@id\":\"https:\/\/mentali.pl\/aktualnosci\/slownik\/autyzm#breadcrumb\",\"itemListElement\":[{\"@type\":\"ListItem\",\"position\":1,\"name\":\"Aktualno\u015bci\",\"item\":\"https:\/\/mentali.pl\/aktualnosci\/\"},{\"@type\":\"ListItem\",\"position\":2,\"name\":\"S\u0142ownik psychologiczny\",\"item\":\"https:\/\/mentali.pl\/aktualnosci\/slownik\"},{\"@type\":\"ListItem\",\"position\":3,\"name\":\"Autyzm\"}]},{\"@type\":\"WebSite\",\"@id\":\"https:\/\/mentali.pl\/aktualnosci\/#website\",\"url\":\"https:\/\/mentali.pl\/aktualnosci\/\",\"name\":\"Mentali - Blog psychologiczny\",\"description\":\"Kilka s\u0142\u00f3w od specjalist\u00f3w\",\"publisher\":{\"@id\":\"https:\/\/mentali.pl\/aktualnosci\/#organization\"},\"alternateName\":\"Centrum rozwoju i wsparcia psychologicznego\",\"potentialAction\":[{\"@type\":\"SearchAction\",\"target\":{\"@type\":\"EntryPoint\",\"urlTemplate\":\"https:\/\/mentali.pl\/aktualnosci\/?s={search_term_string}\"},\"query-input\":\"required name=search_term_string\"}],\"inLanguage\":\"pl-PL\"},{\"@type\":\"Organization\",\"@id\":\"https:\/\/mentali.pl\/aktualnosci\/#organization\",\"name\":\"Mentali\",\"alternateName\":\"Centrum rozwoju i wsparcia psychologicznego\",\"url\":\"https:\/\/mentali.pl\/aktualnosci\/\",\"logo\":{\"@type\":\"ImageObject\",\"inLanguage\":\"pl-PL\",\"@id\":\"https:\/\/mentali.pl\/aktualnosci\/#\/schema\/logo\/image\/\",\"url\":\"https:\/\/mentali.pl\/aktualnosci\/wp-content\/uploads\/2023\/01\/mentali-logo.webp\",\"contentUrl\":\"https:\/\/mentali.pl\/aktualnosci\/wp-content\/uploads\/2023\/01\/mentali-logo.webp\",\"width\":140,\"height\":140,\"caption\":\"Mentali\"},\"image\":{\"@id\":\"https:\/\/mentali.pl\/aktualnosci\/#\/schema\/logo\/image\/\"},\"sameAs\":[\"https:\/\/www.facebook.com\/mentalicentrum\",\"https:\/\/www.instagram.com\/mentalicentrum\"]}]}<\/script>\n<!-- \/ Yoast SEO plugin. -->","yoast_head_json":{"title":"Autyzm - co to jest? Definicja dzieci\u0119cego i atypowego autyzmu","description":"Chcesz dowiedzie\u0107\u00a0si\u0119\u00a0wi\u0119cej o terminie \"Autyzm\"? Sprawd\u017a\u00a0definicj\u0119, kt\u00f3r\u0105\u00a0przygotowali\u015bmy i dowiedz si\u0119 wi\u0119cej!","robots":{"index":"index","follow":"follow","max-snippet":"max-snippet:-1","max-image-preview":"max-image-preview:large","max-video-preview":"max-video-preview:-1"},"canonical":"https:\/\/mentali.pl\/aktualnosci\/slownik\/autyzm","og_locale":"pl_PL","og_type":"article","og_title":"Autyzm - co to jest? Definicja dzieci\u0119cego i atypowego autyzmu","og_description":"Chcesz dowiedzie\u0107\u00a0si\u0119\u00a0wi\u0119cej o terminie \"Autyzm\"? Sprawd\u017a\u00a0definicj\u0119, kt\u00f3r\u0105\u00a0przygotowali\u015bmy i dowiedz si\u0119 wi\u0119cej!","og_url":"https:\/\/mentali.pl\/aktualnosci\/slownik\/autyzm","og_site_name":"Mentali - Blog psychologiczny","article_publisher":"https:\/\/www.facebook.com\/mentalicentrum","article_modified_time":"2023-12-20T10:53:49+00:00","og_image":[{"width":1200,"height":675,"url":"https:\/\/mentali.pl\/aktualnosci\/wp-content\/uploads\/2024\/08\/aktualnosci-mentali-alt.webp","type":"image\/webp"}],"twitter_card":"summary_large_image","twitter_misc":{"Szacowany czas czytania":"2 minuty"},"schema":{"@context":"https:\/\/schema.org","@graph":[{"@type":"WebPage","@id":"https:\/\/mentali.pl\/aktualnosci\/slownik\/autyzm","url":"https:\/\/mentali.pl\/aktualnosci\/slownik\/autyzm","name":"Autyzm - co to jest? Definicja dzieci\u0119cego i atypowego autyzmu","isPartOf":{"@id":"https:\/\/mentali.pl\/aktualnosci\/#website"},"datePublished":"2023-08-25T07:16:14+00:00","dateModified":"2023-12-20T10:53:49+00:00","description":"Chcesz dowiedzie\u0107\u00a0si\u0119\u00a0wi\u0119cej o terminie \"Autyzm\"? Sprawd\u017a\u00a0definicj\u0119, kt\u00f3r\u0105\u00a0przygotowali\u015bmy i dowiedz si\u0119 wi\u0119cej!","breadcrumb":{"@id":"https:\/\/mentali.pl\/aktualnosci\/slownik\/autyzm#breadcrumb"},"inLanguage":"pl-PL","potentialAction":[{"@type":"ReadAction","target":["https:\/\/mentali.pl\/aktualnosci\/slownik\/autyzm"]}]},{"@type":"BreadcrumbList","@id":"https:\/\/mentali.pl\/aktualnosci\/slownik\/autyzm#breadcrumb","itemListElement":[{"@type":"ListItem","position":1,"name":"Aktualno\u015bci","item":"https:\/\/mentali.pl\/aktualnosci\/"},{"@type":"ListItem","position":2,"name":"S\u0142ownik psychologiczny","item":"https:\/\/mentali.pl\/aktualnosci\/slownik"},{"@type":"ListItem","position":3,"name":"Autyzm"}]},{"@type":"WebSite","@id":"https:\/\/mentali.pl\/aktualnosci\/#website","url":"https:\/\/mentali.pl\/aktualnosci\/","name":"Mentali - Blog psychologiczny","description":"Kilka s\u0142\u00f3w od specjalist\u00f3w","publisher":{"@id":"https:\/\/mentali.pl\/aktualnosci\/#organization"},"alternateName":"Centrum rozwoju i wsparcia psychologicznego","potentialAction":[{"@type":"SearchAction","target":{"@type":"EntryPoint","urlTemplate":"https:\/\/mentali.pl\/aktualnosci\/?s={search_term_string}"},"query-input":"required name=search_term_string"}],"inLanguage":"pl-PL"},{"@type":"Organization","@id":"https:\/\/mentali.pl\/aktualnosci\/#organization","name":"Mentali","alternateName":"Centrum rozwoju i wsparcia psychologicznego","url":"https:\/\/mentali.pl\/aktualnosci\/","logo":{"@type":"ImageObject","inLanguage":"pl-PL","@id":"https:\/\/mentali.pl\/aktualnosci\/#\/schema\/logo\/image\/","url":"https:\/\/mentali.pl\/aktualnosci\/wp-content\/uploads\/2023\/01\/mentali-logo.webp","contentUrl":"https:\/\/mentali.pl\/aktualnosci\/wp-content\/uploads\/2023\/01\/mentali-logo.webp","width":140,"height":140,"caption":"Mentali"},"image":{"@id":"https:\/\/mentali.pl\/aktualnosci\/#\/schema\/logo\/image\/"},"sameAs":["https:\/\/www.facebook.com\/mentalicentrum","https:\/\/www.instagram.com\/mentalicentrum"]}]}},"_links":{"self":[{"href":"https:\/\/mentali.pl\/aktualnosci\/wp-json\/wp\/v2\/pages\/2137","targetHints":{"allow":["GET"]}}],"collection":[{"href":"https:\/\/mentali.pl\/aktualnosci\/wp-json\/wp\/v2\/pages"}],"about":[{"href":"https:\/\/mentali.pl\/aktualnosci\/wp-json\/wp\/v2\/types\/page"}],"author":[{"embeddable":true,"href":"https:\/\/mentali.pl\/aktualnosci\/wp-json\/wp\/v2\/users\/1"}],"replies":[{"embeddable":true,"href":"https:\/\/mentali.pl\/aktualnosci\/wp-json\/wp\/v2\/comments?post=2137"}],"version-history":[{"count":3,"href":"https:\/\/mentali.pl\/aktualnosci\/wp-json\/wp\/v2\/pages\/2137\/revisions"}],"predecessor-version":[{"id":3253,"href":"https:\/\/mentali.pl\/aktualnosci\/wp-json\/wp\/v2\/pages\/2137\/revisions\/3253"}],"up":[{"embeddable":true,"href":"https:\/\/mentali.pl\/aktualnosci\/wp-json\/wp\/v2\/pages\/1164"}],"wp:attachment":[{"href":"https:\/\/mentali.pl\/aktualnosci\/wp-json\/wp\/v2\/media?parent=2137"}],"wp:term":[{"taxonomy":"category","embeddable":true,"href":"https:\/\/mentali.pl\/aktualnosci\/wp-json\/wp\/v2\/categories?post=2137"},{"taxonomy":"post_tag","embeddable":true,"href":"https:\/\/mentali.pl\/aktualnosci\/wp-json\/wp\/v2\/tags?post=2137"},{"taxonomy":"author","embeddable":true,"href":"https:\/\/mentali.pl\/aktualnosci\/wp-json\/wp\/v2\/ppma_author?post=2137"}],"curies":[{"name":"wp","href":"https:\/\/api.w.org\/{rel}","templated":true}]}}