{"id":2350,"date":"2023-10-10T07:41:40","date_gmt":"2023-10-10T07:41:40","guid":{"rendered":"https:\/\/mentali.pl\/aktualnosci?page_id=2350"},"modified":"2023-10-10T07:41:42","modified_gmt":"2023-10-10T07:41:42","slug":"motoryka-narzadow-mowy","status":"publish","type":"page","link":"https:\/\/mentali.pl\/aktualnosci\/slownik\/motoryka-narzadow-mowy","title":{"rendered":"Motoryka narz\u0105d\u00f3w mowy"},"content":{"rendered":"\n<p>Sprawno\u015b\u0107 motoryczna narz\u0105d\u00f3w g\u0142osowych nie tylko decyduje o poprawno\u015bci wymowy. Precyzyjne ruchy narz\u0105d\u00f3w g\u0142osowych (narz\u0105d\u00f3w artykulacyjnych) uczestnicz\u0105 mniej lub bardziej \u015bwiadomie w rozr\u00f3\u017cnianiu d\u017awi\u0119k\u00f3w i analizie d\u017awi\u0119k\u00f3w s\u0142\u00f3w (uzyskuje si\u0119 to poprzez ciche wymawianie d\u017awi\u0119k\u00f3w podczas pisania d\u0142ugiego, z\u0142o\u017conego s\u0142owa lub podczas czytania nowego s\u0142owa i trudnego s\u0142owa).<\/p>\n","protected":false},"excerpt":{"rendered":"<p>Sprawno\u015b\u0107 motoryczna narz\u0105d\u00f3w g\u0142osowych nie tylko decyduje o poprawno\u015bci wymowy. Precyzyjne ruchy narz\u0105d\u00f3w g\u0142osowych (narz\u0105d\u00f3w artykulacyjnych) uczestnicz\u0105 mniej lub bardziej \u015bwiadomie w rozr\u00f3\u017cnianiu d\u017awi\u0119k\u00f3w i analizie d\u017awi\u0119k\u00f3w s\u0142\u00f3w (uzyskuje si\u0119 to poprzez ciche wymawianie d\u017awi\u0119k\u00f3w podczas pisania d\u0142ugiego, z\u0142o\u017conego s\u0142owa lub podczas czytania nowego s\u0142owa i trudnego s\u0142owa).<\/p>\n","protected":false},"author":1,"featured_media":0,"parent":1164,"menu_order":0,"comment_status":"closed","ping_status":"closed","template":"","meta":{"footnotes":""},"categories":[33],"tags":[44],"ppma_author":[10],"class_list":["post-2350","page","type-page","status-publish","hentry","category-slownik-psychologiczny","tag-m"],"yoast_head":"<!-- This site is optimized with the Yoast SEO plugin v20.4 - https:\/\/yoast.com\/wordpress\/plugins\/seo\/ -->\n<title>Motoryka narz\u0105d\u00f3w mowy - co to? definicja | S\u0142ownik psychologiczny<\/title>\n<meta name=\"description\" content=\"Chcesz dowiedzie\u0107\u00a0si\u0119\u00a0wi\u0119cej o terminie &quot;Motoryka narz\u0105d\u00f3w mowy&quot;? Sprawd\u017a\u00a0definicj\u0119, kt\u00f3r\u0105\u00a0przygotowali\u015bmy i dowiedz si\u0119 wi\u0119cej!\" \/>\n<meta name=\"robots\" content=\"index, follow, max-snippet:-1, max-image-preview:large, max-video-preview:-1\" \/>\n<link rel=\"canonical\" href=\"https:\/\/mentali.pl\/aktualnosci\/slownik\/motoryka-narzadow-mowy\" \/>\n<meta property=\"og:locale\" content=\"pl_PL\" \/>\n<meta property=\"og:type\" content=\"article\" \/>\n<meta property=\"og:title\" content=\"Motoryka narz\u0105d\u00f3w mowy - co to? definicja | S\u0142ownik psychologiczny\" \/>\n<meta property=\"og:description\" content=\"Chcesz dowiedzie\u0107\u00a0si\u0119\u00a0wi\u0119cej o terminie &quot;Motoryka narz\u0105d\u00f3w mowy&quot;? Sprawd\u017a\u00a0definicj\u0119, kt\u00f3r\u0105\u00a0przygotowali\u015bmy i dowiedz si\u0119 wi\u0119cej!\" \/>\n<meta property=\"og:url\" content=\"https:\/\/mentali.pl\/aktualnosci\/slownik\/motoryka-narzadow-mowy\" \/>\n<meta property=\"og:site_name\" content=\"Mentali - Blog psychologiczny\" \/>\n<meta property=\"article:publisher\" content=\"https:\/\/www.facebook.com\/mentalicentrum\" \/>\n<meta property=\"article:modified_time\" content=\"2023-10-10T07:41:42+00:00\" \/>\n<meta property=\"og:image\" content=\"https:\/\/mentali.pl\/aktualnosci\/wp-content\/uploads\/2024\/08\/aktualnosci-mentali-alt.webp\" \/>\n\t<meta property=\"og:image:width\" content=\"1200\" \/>\n\t<meta property=\"og:image:height\" content=\"675\" \/>\n\t<meta property=\"og:image:type\" content=\"image\/webp\" \/>\n<meta name=\"twitter:card\" content=\"summary_large_image\" \/>\n<meta name=\"twitter:label1\" content=\"Szacowany czas czytania\" \/>\n\t<meta name=\"twitter:data1\" content=\"1 minuta\" \/>\n<script type=\"application\/ld+json\" class=\"yoast-schema-graph\">{\"@context\":\"https:\/\/schema.org\",\"@graph\":[{\"@type\":\"WebPage\",\"@id\":\"https:\/\/mentali.pl\/aktualnosci\/slownik\/motoryka-narzadow-mowy\",\"url\":\"https:\/\/mentali.pl\/aktualnosci\/slownik\/motoryka-narzadow-mowy\",\"name\":\"Motoryka narz\u0105d\u00f3w mowy - co to? definicja | S\u0142ownik psychologiczny\",\"isPartOf\":{\"@id\":\"https:\/\/mentali.pl\/aktualnosci\/#website\"},\"datePublished\":\"2023-10-10T07:41:40+00:00\",\"dateModified\":\"2023-10-10T07:41:42+00:00\",\"description\":\"Chcesz dowiedzie\u0107\u00a0si\u0119\u00a0wi\u0119cej o terminie \\\"Motoryka narz\u0105d\u00f3w mowy\\\"? Sprawd\u017a\u00a0definicj\u0119, kt\u00f3r\u0105\u00a0przygotowali\u015bmy i dowiedz si\u0119 wi\u0119cej!\",\"breadcrumb\":{\"@id\":\"https:\/\/mentali.pl\/aktualnosci\/slownik\/motoryka-narzadow-mowy#breadcrumb\"},\"inLanguage\":\"pl-PL\",\"potentialAction\":[{\"@type\":\"ReadAction\",\"target\":[\"https:\/\/mentali.pl\/aktualnosci\/slownik\/motoryka-narzadow-mowy\"]}]},{\"@type\":\"BreadcrumbList\",\"@id\":\"https:\/\/mentali.pl\/aktualnosci\/slownik\/motoryka-narzadow-mowy#breadcrumb\",\"itemListElement\":[{\"@type\":\"ListItem\",\"position\":1,\"name\":\"Aktualno\u015bci\",\"item\":\"https:\/\/mentali.pl\/aktualnosci\/\"},{\"@type\":\"ListItem\",\"position\":2,\"name\":\"S\u0142ownik psychologiczny\",\"item\":\"https:\/\/mentali.pl\/aktualnosci\/slownik\"},{\"@type\":\"ListItem\",\"position\":3,\"name\":\"Motoryka narz\u0105d\u00f3w mowy\"}]},{\"@type\":\"WebSite\",\"@id\":\"https:\/\/mentali.pl\/aktualnosci\/#website\",\"url\":\"https:\/\/mentali.pl\/aktualnosci\/\",\"name\":\"Mentali - Blog psychologiczny\",\"description\":\"Kilka s\u0142\u00f3w od specjalist\u00f3w\",\"publisher\":{\"@id\":\"https:\/\/mentali.pl\/aktualnosci\/#organization\"},\"alternateName\":\"Centrum rozwoju i wsparcia psychologicznego\",\"potentialAction\":[{\"@type\":\"SearchAction\",\"target\":{\"@type\":\"EntryPoint\",\"urlTemplate\":\"https:\/\/mentali.pl\/aktualnosci\/?s={search_term_string}\"},\"query-input\":\"required name=search_term_string\"}],\"inLanguage\":\"pl-PL\"},{\"@type\":\"Organization\",\"@id\":\"https:\/\/mentali.pl\/aktualnosci\/#organization\",\"name\":\"Mentali\",\"alternateName\":\"Centrum rozwoju i wsparcia psychologicznego\",\"url\":\"https:\/\/mentali.pl\/aktualnosci\/\",\"logo\":{\"@type\":\"ImageObject\",\"inLanguage\":\"pl-PL\",\"@id\":\"https:\/\/mentali.pl\/aktualnosci\/#\/schema\/logo\/image\/\",\"url\":\"https:\/\/mentali.pl\/aktualnosci\/wp-content\/uploads\/2023\/01\/mentali-logo.webp\",\"contentUrl\":\"https:\/\/mentali.pl\/aktualnosci\/wp-content\/uploads\/2023\/01\/mentali-logo.webp\",\"width\":140,\"height\":140,\"caption\":\"Mentali\"},\"image\":{\"@id\":\"https:\/\/mentali.pl\/aktualnosci\/#\/schema\/logo\/image\/\"},\"sameAs\":[\"https:\/\/www.facebook.com\/mentalicentrum\",\"https:\/\/www.instagram.com\/mentalicentrum\"]}]}<\/script>\n<!-- \/ Yoast SEO plugin. -->","yoast_head_json":{"title":"Motoryka narz\u0105d\u00f3w mowy - co to? definicja | S\u0142ownik psychologiczny","description":"Chcesz dowiedzie\u0107\u00a0si\u0119\u00a0wi\u0119cej o terminie \"Motoryka narz\u0105d\u00f3w mowy\"? Sprawd\u017a\u00a0definicj\u0119, kt\u00f3r\u0105\u00a0przygotowali\u015bmy i dowiedz si\u0119 wi\u0119cej!","robots":{"index":"index","follow":"follow","max-snippet":"max-snippet:-1","max-image-preview":"max-image-preview:large","max-video-preview":"max-video-preview:-1"},"canonical":"https:\/\/mentali.pl\/aktualnosci\/slownik\/motoryka-narzadow-mowy","og_locale":"pl_PL","og_type":"article","og_title":"Motoryka narz\u0105d\u00f3w mowy - co to? definicja | S\u0142ownik psychologiczny","og_description":"Chcesz dowiedzie\u0107\u00a0si\u0119\u00a0wi\u0119cej o terminie \"Motoryka narz\u0105d\u00f3w mowy\"? Sprawd\u017a\u00a0definicj\u0119, kt\u00f3r\u0105\u00a0przygotowali\u015bmy i dowiedz si\u0119 wi\u0119cej!","og_url":"https:\/\/mentali.pl\/aktualnosci\/slownik\/motoryka-narzadow-mowy","og_site_name":"Mentali - Blog psychologiczny","article_publisher":"https:\/\/www.facebook.com\/mentalicentrum","article_modified_time":"2023-10-10T07:41:42+00:00","og_image":[{"width":1200,"height":675,"url":"https:\/\/mentali.pl\/aktualnosci\/wp-content\/uploads\/2024\/08\/aktualnosci-mentali-alt.webp","type":"image\/webp"}],"twitter_card":"summary_large_image","twitter_misc":{"Szacowany czas czytania":"1 minuta"},"schema":{"@context":"https:\/\/schema.org","@graph":[{"@type":"WebPage","@id":"https:\/\/mentali.pl\/aktualnosci\/slownik\/motoryka-narzadow-mowy","url":"https:\/\/mentali.pl\/aktualnosci\/slownik\/motoryka-narzadow-mowy","name":"Motoryka narz\u0105d\u00f3w mowy - co to? definicja | S\u0142ownik psychologiczny","isPartOf":{"@id":"https:\/\/mentali.pl\/aktualnosci\/#website"},"datePublished":"2023-10-10T07:41:40+00:00","dateModified":"2023-10-10T07:41:42+00:00","description":"Chcesz dowiedzie\u0107\u00a0si\u0119\u00a0wi\u0119cej o terminie \"Motoryka narz\u0105d\u00f3w mowy\"? Sprawd\u017a\u00a0definicj\u0119, kt\u00f3r\u0105\u00a0przygotowali\u015bmy i dowiedz si\u0119 wi\u0119cej!","breadcrumb":{"@id":"https:\/\/mentali.pl\/aktualnosci\/slownik\/motoryka-narzadow-mowy#breadcrumb"},"inLanguage":"pl-PL","potentialAction":[{"@type":"ReadAction","target":["https:\/\/mentali.pl\/aktualnosci\/slownik\/motoryka-narzadow-mowy"]}]},{"@type":"BreadcrumbList","@id":"https:\/\/mentali.pl\/aktualnosci\/slownik\/motoryka-narzadow-mowy#breadcrumb","itemListElement":[{"@type":"ListItem","position":1,"name":"Aktualno\u015bci","item":"https:\/\/mentali.pl\/aktualnosci\/"},{"@type":"ListItem","position":2,"name":"S\u0142ownik psychologiczny","item":"https:\/\/mentali.pl\/aktualnosci\/slownik"},{"@type":"ListItem","position":3,"name":"Motoryka narz\u0105d\u00f3w mowy"}]},{"@type":"WebSite","@id":"https:\/\/mentali.pl\/aktualnosci\/#website","url":"https:\/\/mentali.pl\/aktualnosci\/","name":"Mentali - Blog psychologiczny","description":"Kilka s\u0142\u00f3w od specjalist\u00f3w","publisher":{"@id":"https:\/\/mentali.pl\/aktualnosci\/#organization"},"alternateName":"Centrum rozwoju i wsparcia psychologicznego","potentialAction":[{"@type":"SearchAction","target":{"@type":"EntryPoint","urlTemplate":"https:\/\/mentali.pl\/aktualnosci\/?s={search_term_string}"},"query-input":"required name=search_term_string"}],"inLanguage":"pl-PL"},{"@type":"Organization","@id":"https:\/\/mentali.pl\/aktualnosci\/#organization","name":"Mentali","alternateName":"Centrum rozwoju i wsparcia psychologicznego","url":"https:\/\/mentali.pl\/aktualnosci\/","logo":{"@type":"ImageObject","inLanguage":"pl-PL","@id":"https:\/\/mentali.pl\/aktualnosci\/#\/schema\/logo\/image\/","url":"https:\/\/mentali.pl\/aktualnosci\/wp-content\/uploads\/2023\/01\/mentali-logo.webp","contentUrl":"https:\/\/mentali.pl\/aktualnosci\/wp-content\/uploads\/2023\/01\/mentali-logo.webp","width":140,"height":140,"caption":"Mentali"},"image":{"@id":"https:\/\/mentali.pl\/aktualnosci\/#\/schema\/logo\/image\/"},"sameAs":["https:\/\/www.facebook.com\/mentalicentrum","https:\/\/www.instagram.com\/mentalicentrum"]}]}},"_links":{"self":[{"href":"https:\/\/mentali.pl\/aktualnosci\/wp-json\/wp\/v2\/pages\/2350","targetHints":{"allow":["GET"]}}],"collection":[{"href":"https:\/\/mentali.pl\/aktualnosci\/wp-json\/wp\/v2\/pages"}],"about":[{"href":"https:\/\/mentali.pl\/aktualnosci\/wp-json\/wp\/v2\/types\/page"}],"author":[{"embeddable":true,"href":"https:\/\/mentali.pl\/aktualnosci\/wp-json\/wp\/v2\/users\/1"}],"replies":[{"embeddable":true,"href":"https:\/\/mentali.pl\/aktualnosci\/wp-json\/wp\/v2\/comments?post=2350"}],"version-history":[{"count":1,"href":"https:\/\/mentali.pl\/aktualnosci\/wp-json\/wp\/v2\/pages\/2350\/revisions"}],"predecessor-version":[{"id":2351,"href":"https:\/\/mentali.pl\/aktualnosci\/wp-json\/wp\/v2\/pages\/2350\/revisions\/2351"}],"up":[{"embeddable":true,"href":"https:\/\/mentali.pl\/aktualnosci\/wp-json\/wp\/v2\/pages\/1164"}],"wp:attachment":[{"href":"https:\/\/mentali.pl\/aktualnosci\/wp-json\/wp\/v2\/media?parent=2350"}],"wp:term":[{"taxonomy":"category","embeddable":true,"href":"https:\/\/mentali.pl\/aktualnosci\/wp-json\/wp\/v2\/categories?post=2350"},{"taxonomy":"post_tag","embeddable":true,"href":"https:\/\/mentali.pl\/aktualnosci\/wp-json\/wp\/v2\/tags?post=2350"},{"taxonomy":"author","embeddable":true,"href":"https:\/\/mentali.pl\/aktualnosci\/wp-json\/wp\/v2\/ppma_author?post=2350"}],"curies":[{"name":"wp","href":"https:\/\/api.w.org\/{rel}","templated":true}]}}