{"id":3025,"date":"2023-11-14T07:21:06","date_gmt":"2023-11-14T07:21:06","guid":{"rendered":"https:\/\/mentali.pl\/aktualnosci?page_id=3025"},"modified":"2026-01-22T10:31:14","modified_gmt":"2026-01-22T10:31:14","slug":"arteterapia","status":"publish","type":"page","link":"https:\/\/mentali.pl\/aktualnosci\/slownik\/arteterapia","title":{"rendered":"Arteterapia"},"content":{"rendered":"\n<p>Terapia sztuk\u0105 (zwana tak\u017ce arteterapi\u0105, arteterapi\u0105, arteterapi\u0105, malarstwem i terapi\u0105 rysunkow\u0105, tw\u00f3rcz\u0105 terapi\u0105) definiuje interakcj\u0119 terapeutyczn\u0105 wykorzystuj\u0105c\u0105 sztuki wizualne (rysunek, malarstwo) w w\u0105skim znaczeniu. W najszerszym znaczeniu odnosi si\u0119 do wszelkich terapeutycznych interakcji ze sztuk\u0105. H. Muzyka, film, teatr, taniec, rze\u017aba itp. Tak rozumiana arteterapia obejmuje muzykoterapi\u0119, biblioterapi\u0119 i choreografi\u0119. Termin zosta\u0142 wprowadzony w pierwszej po\u0142owie XX wieku i jest po\u0142\u0105czeniem angielskiego s\u0142owa \u201esztuka\u201d (lub \u0142aci\u0144skiego \u201earte\u201d), sztuki i \u201eterapii\u201d.<\/p>\n\n\n\n<p>W\u015br\u00f3d naszej oferty mo\u017cesz znale\u017a\u0107\u00a0<a href=\"https:\/\/mentali.pl\/oferta\/arteterapia\">arteterapi\u0119 we Wroc\u0142awiu<\/a>.<\/p>\n","protected":false},"excerpt":{"rendered":"<p>Terapia sztuk\u0105 (zwana tak\u017ce arteterapi\u0105, arteterapi\u0105, arteterapi\u0105, malarstwem i terapi\u0105 rysunkow\u0105, tw\u00f3rcz\u0105 terapi\u0105) definiuje interakcj\u0119 terapeutyczn\u0105 wykorzystuj\u0105c\u0105 sztuki wizualne (rysunek, malarstwo) w w\u0105skim znaczeniu. W najszerszym znaczeniu odnosi si\u0119 do wszelkich terapeutycznych interakcji ze sztuk\u0105. H. Muzyka, film, teatr, taniec, rze\u017aba itp. Tak rozumiana arteterapia obejmuje muzykoterapi\u0119, biblioterapi\u0119 i choreografi\u0119. Termin zosta\u0142 wprowadzony w pierwszej [&hellip;]<\/p>\n","protected":false},"author":1,"featured_media":0,"parent":1164,"menu_order":0,"comment_status":"closed","ping_status":"closed","template":"","meta":{"footnotes":""},"categories":[33],"tags":[36],"ppma_author":[10],"class_list":["post-3025","page","type-page","status-publish","hentry","category-slownik-psychologiczny","tag-a"],"yoast_head":"<!-- This site is optimized with the Yoast SEO plugin v20.4 - https:\/\/yoast.com\/wordpress\/plugins\/seo\/ -->\n<title>Arteterapia - co to? definicja | S\u0142ownik psychologiczny<\/title>\n<meta name=\"description\" content=\"Chcesz dowiedzie\u0107\u00a0si\u0119\u00a0wi\u0119cej o terminie &quot;Arteterapia&quot;? Sprawd\u017a\u00a0definicj\u0119, kt\u00f3r\u0105\u00a0przygotowali\u015bmy i dowiedz si\u0119 wi\u0119cej!\" \/>\n<meta name=\"robots\" content=\"index, follow, max-snippet:-1, max-image-preview:large, max-video-preview:-1\" \/>\n<link rel=\"canonical\" href=\"https:\/\/mentali.pl\/aktualnosci\/slownik\/arteterapia\" \/>\n<meta property=\"og:locale\" content=\"pl_PL\" \/>\n<meta property=\"og:type\" content=\"article\" \/>\n<meta property=\"og:title\" content=\"Arteterapia - co to? definicja | S\u0142ownik psychologiczny\" \/>\n<meta property=\"og:description\" content=\"Chcesz dowiedzie\u0107\u00a0si\u0119\u00a0wi\u0119cej o terminie &quot;Arteterapia&quot;? Sprawd\u017a\u00a0definicj\u0119, kt\u00f3r\u0105\u00a0przygotowali\u015bmy i dowiedz si\u0119 wi\u0119cej!\" \/>\n<meta property=\"og:url\" content=\"https:\/\/mentali.pl\/aktualnosci\/slownik\/arteterapia\" \/>\n<meta property=\"og:site_name\" content=\"Mentali - Blog psychologiczny\" \/>\n<meta property=\"article:publisher\" content=\"https:\/\/www.facebook.com\/mentalicentrum\" \/>\n<meta property=\"article:modified_time\" content=\"2026-01-22T10:31:14+00:00\" \/>\n<meta property=\"og:image\" content=\"https:\/\/mentali.pl\/aktualnosci\/wp-content\/uploads\/2024\/08\/aktualnosci-mentali-alt.webp\" \/>\n\t<meta property=\"og:image:width\" content=\"1200\" \/>\n\t<meta property=\"og:image:height\" content=\"675\" \/>\n\t<meta property=\"og:image:type\" content=\"image\/webp\" \/>\n<meta name=\"twitter:card\" content=\"summary_large_image\" \/>\n<meta name=\"twitter:label1\" content=\"Szacowany czas czytania\" \/>\n\t<meta name=\"twitter:data1\" content=\"1 minuta\" \/>\n<script type=\"application\/ld+json\" class=\"yoast-schema-graph\">{\"@context\":\"https:\/\/schema.org\",\"@graph\":[{\"@type\":\"WebPage\",\"@id\":\"https:\/\/mentali.pl\/aktualnosci\/slownik\/arteterapia\",\"url\":\"https:\/\/mentali.pl\/aktualnosci\/slownik\/arteterapia\",\"name\":\"Arteterapia - co to? definicja | S\u0142ownik psychologiczny\",\"isPartOf\":{\"@id\":\"https:\/\/mentali.pl\/aktualnosci\/#website\"},\"datePublished\":\"2023-11-14T07:21:06+00:00\",\"dateModified\":\"2026-01-22T10:31:14+00:00\",\"description\":\"Chcesz dowiedzie\u0107\u00a0si\u0119\u00a0wi\u0119cej o terminie \\\"Arteterapia\\\"? Sprawd\u017a\u00a0definicj\u0119, kt\u00f3r\u0105\u00a0przygotowali\u015bmy i dowiedz si\u0119 wi\u0119cej!\",\"breadcrumb\":{\"@id\":\"https:\/\/mentali.pl\/aktualnosci\/slownik\/arteterapia#breadcrumb\"},\"inLanguage\":\"pl-PL\",\"potentialAction\":[{\"@type\":\"ReadAction\",\"target\":[\"https:\/\/mentali.pl\/aktualnosci\/slownik\/arteterapia\"]}]},{\"@type\":\"BreadcrumbList\",\"@id\":\"https:\/\/mentali.pl\/aktualnosci\/slownik\/arteterapia#breadcrumb\",\"itemListElement\":[{\"@type\":\"ListItem\",\"position\":1,\"name\":\"Aktualno\u015bci\",\"item\":\"https:\/\/mentali.pl\/aktualnosci\/\"},{\"@type\":\"ListItem\",\"position\":2,\"name\":\"S\u0142ownik psychologiczny\",\"item\":\"https:\/\/mentali.pl\/aktualnosci\/slownik\"},{\"@type\":\"ListItem\",\"position\":3,\"name\":\"Arteterapia\"}]},{\"@type\":\"WebSite\",\"@id\":\"https:\/\/mentali.pl\/aktualnosci\/#website\",\"url\":\"https:\/\/mentali.pl\/aktualnosci\/\",\"name\":\"Mentali - Blog psychologiczny\",\"description\":\"Kilka s\u0142\u00f3w od specjalist\u00f3w\",\"publisher\":{\"@id\":\"https:\/\/mentali.pl\/aktualnosci\/#organization\"},\"alternateName\":\"Centrum rozwoju i wsparcia psychologicznego\",\"potentialAction\":[{\"@type\":\"SearchAction\",\"target\":{\"@type\":\"EntryPoint\",\"urlTemplate\":\"https:\/\/mentali.pl\/aktualnosci\/?s={search_term_string}\"},\"query-input\":\"required name=search_term_string\"}],\"inLanguage\":\"pl-PL\"},{\"@type\":\"Organization\",\"@id\":\"https:\/\/mentali.pl\/aktualnosci\/#organization\",\"name\":\"Mentali\",\"alternateName\":\"Centrum rozwoju i wsparcia psychologicznego\",\"url\":\"https:\/\/mentali.pl\/aktualnosci\/\",\"logo\":{\"@type\":\"ImageObject\",\"inLanguage\":\"pl-PL\",\"@id\":\"https:\/\/mentali.pl\/aktualnosci\/#\/schema\/logo\/image\/\",\"url\":\"https:\/\/mentali.pl\/aktualnosci\/wp-content\/uploads\/2023\/01\/mentali-logo.webp\",\"contentUrl\":\"https:\/\/mentali.pl\/aktualnosci\/wp-content\/uploads\/2023\/01\/mentali-logo.webp\",\"width\":140,\"height\":140,\"caption\":\"Mentali\"},\"image\":{\"@id\":\"https:\/\/mentali.pl\/aktualnosci\/#\/schema\/logo\/image\/\"},\"sameAs\":[\"https:\/\/www.facebook.com\/mentalicentrum\",\"https:\/\/www.instagram.com\/mentalicentrum\"]}]}<\/script>\n<!-- \/ Yoast SEO plugin. -->","yoast_head_json":{"title":"Arteterapia - co to? definicja | S\u0142ownik psychologiczny","description":"Chcesz dowiedzie\u0107\u00a0si\u0119\u00a0wi\u0119cej o terminie \"Arteterapia\"? Sprawd\u017a\u00a0definicj\u0119, kt\u00f3r\u0105\u00a0przygotowali\u015bmy i dowiedz si\u0119 wi\u0119cej!","robots":{"index":"index","follow":"follow","max-snippet":"max-snippet:-1","max-image-preview":"max-image-preview:large","max-video-preview":"max-video-preview:-1"},"canonical":"https:\/\/mentali.pl\/aktualnosci\/slownik\/arteterapia","og_locale":"pl_PL","og_type":"article","og_title":"Arteterapia - co to? definicja | S\u0142ownik psychologiczny","og_description":"Chcesz dowiedzie\u0107\u00a0si\u0119\u00a0wi\u0119cej o terminie \"Arteterapia\"? Sprawd\u017a\u00a0definicj\u0119, kt\u00f3r\u0105\u00a0przygotowali\u015bmy i dowiedz si\u0119 wi\u0119cej!","og_url":"https:\/\/mentali.pl\/aktualnosci\/slownik\/arteterapia","og_site_name":"Mentali - Blog psychologiczny","article_publisher":"https:\/\/www.facebook.com\/mentalicentrum","article_modified_time":"2026-01-22T10:31:14+00:00","og_image":[{"width":1200,"height":675,"url":"https:\/\/mentali.pl\/aktualnosci\/wp-content\/uploads\/2024\/08\/aktualnosci-mentali-alt.webp","type":"image\/webp"}],"twitter_card":"summary_large_image","twitter_misc":{"Szacowany czas czytania":"1 minuta"},"schema":{"@context":"https:\/\/schema.org","@graph":[{"@type":"WebPage","@id":"https:\/\/mentali.pl\/aktualnosci\/slownik\/arteterapia","url":"https:\/\/mentali.pl\/aktualnosci\/slownik\/arteterapia","name":"Arteterapia - co to? definicja | S\u0142ownik psychologiczny","isPartOf":{"@id":"https:\/\/mentali.pl\/aktualnosci\/#website"},"datePublished":"2023-11-14T07:21:06+00:00","dateModified":"2026-01-22T10:31:14+00:00","description":"Chcesz dowiedzie\u0107\u00a0si\u0119\u00a0wi\u0119cej o terminie \"Arteterapia\"? Sprawd\u017a\u00a0definicj\u0119, kt\u00f3r\u0105\u00a0przygotowali\u015bmy i dowiedz si\u0119 wi\u0119cej!","breadcrumb":{"@id":"https:\/\/mentali.pl\/aktualnosci\/slownik\/arteterapia#breadcrumb"},"inLanguage":"pl-PL","potentialAction":[{"@type":"ReadAction","target":["https:\/\/mentali.pl\/aktualnosci\/slownik\/arteterapia"]}]},{"@type":"BreadcrumbList","@id":"https:\/\/mentali.pl\/aktualnosci\/slownik\/arteterapia#breadcrumb","itemListElement":[{"@type":"ListItem","position":1,"name":"Aktualno\u015bci","item":"https:\/\/mentali.pl\/aktualnosci\/"},{"@type":"ListItem","position":2,"name":"S\u0142ownik psychologiczny","item":"https:\/\/mentali.pl\/aktualnosci\/slownik"},{"@type":"ListItem","position":3,"name":"Arteterapia"}]},{"@type":"WebSite","@id":"https:\/\/mentali.pl\/aktualnosci\/#website","url":"https:\/\/mentali.pl\/aktualnosci\/","name":"Mentali - Blog psychologiczny","description":"Kilka s\u0142\u00f3w od specjalist\u00f3w","publisher":{"@id":"https:\/\/mentali.pl\/aktualnosci\/#organization"},"alternateName":"Centrum rozwoju i wsparcia psychologicznego","potentialAction":[{"@type":"SearchAction","target":{"@type":"EntryPoint","urlTemplate":"https:\/\/mentali.pl\/aktualnosci\/?s={search_term_string}"},"query-input":"required name=search_term_string"}],"inLanguage":"pl-PL"},{"@type":"Organization","@id":"https:\/\/mentali.pl\/aktualnosci\/#organization","name":"Mentali","alternateName":"Centrum rozwoju i wsparcia psychologicznego","url":"https:\/\/mentali.pl\/aktualnosci\/","logo":{"@type":"ImageObject","inLanguage":"pl-PL","@id":"https:\/\/mentali.pl\/aktualnosci\/#\/schema\/logo\/image\/","url":"https:\/\/mentali.pl\/aktualnosci\/wp-content\/uploads\/2023\/01\/mentali-logo.webp","contentUrl":"https:\/\/mentali.pl\/aktualnosci\/wp-content\/uploads\/2023\/01\/mentali-logo.webp","width":140,"height":140,"caption":"Mentali"},"image":{"@id":"https:\/\/mentali.pl\/aktualnosci\/#\/schema\/logo\/image\/"},"sameAs":["https:\/\/www.facebook.com\/mentalicentrum","https:\/\/www.instagram.com\/mentalicentrum"]}]}},"_links":{"self":[{"href":"https:\/\/mentali.pl\/aktualnosci\/wp-json\/wp\/v2\/pages\/3025","targetHints":{"allow":["GET"]}}],"collection":[{"href":"https:\/\/mentali.pl\/aktualnosci\/wp-json\/wp\/v2\/pages"}],"about":[{"href":"https:\/\/mentali.pl\/aktualnosci\/wp-json\/wp\/v2\/types\/page"}],"author":[{"embeddable":true,"href":"https:\/\/mentali.pl\/aktualnosci\/wp-json\/wp\/v2\/users\/1"}],"replies":[{"embeddable":true,"href":"https:\/\/mentali.pl\/aktualnosci\/wp-json\/wp\/v2\/comments?post=3025"}],"version-history":[{"count":2,"href":"https:\/\/mentali.pl\/aktualnosci\/wp-json\/wp\/v2\/pages\/3025\/revisions"}],"predecessor-version":[{"id":4059,"href":"https:\/\/mentali.pl\/aktualnosci\/wp-json\/wp\/v2\/pages\/3025\/revisions\/4059"}],"up":[{"embeddable":true,"href":"https:\/\/mentali.pl\/aktualnosci\/wp-json\/wp\/v2\/pages\/1164"}],"wp:attachment":[{"href":"https:\/\/mentali.pl\/aktualnosci\/wp-json\/wp\/v2\/media?parent=3025"}],"wp:term":[{"taxonomy":"category","embeddable":true,"href":"https:\/\/mentali.pl\/aktualnosci\/wp-json\/wp\/v2\/categories?post=3025"},{"taxonomy":"post_tag","embeddable":true,"href":"https:\/\/mentali.pl\/aktualnosci\/wp-json\/wp\/v2\/tags?post=3025"},{"taxonomy":"author","embeddable":true,"href":"https:\/\/mentali.pl\/aktualnosci\/wp-json\/wp\/v2\/ppma_author?post=3025"}],"curies":[{"name":"wp","href":"https:\/\/api.w.org\/{rel}","templated":true}]}}